{"id":244,"date":"2018-08-10T09:16:06","date_gmt":"2018-08-10T09:16:06","guid":{"rendered":"https:\/\/artscoral.com\/?post_type=product&#038;p=244"},"modified":"2018-08-10T09:16:06","modified_gmt":"2018-08-10T09:16:06","slug":"orange-men-t-shirt","status":"publish","type":"product","link":"https:\/\/www.artscoral.com\/fr\/produit\/orange-men-t-shirt\/","title":{"rendered":"T-shirt homme orange"},"content":{"rendered":"<p>La Commission europ\u00e9enne a adopt\u00e9 un projet de loi sur la protection des droits de l'homme et des libert\u00e9s fondamentales. Elle a \u00e9galement adopt\u00e9 un projet de loi sur la protection des droits de l'homme et des libert\u00e9s fondamentales, qui a \u00e9t\u00e9 adopt\u00e9 par le Parlement europ\u00e9en. Le texte de l'article est disponible sur le site internet de la Commission europ\u00e9enne. Le texte de l'article est disponible sur le site internet de la Commission europ\u00e9enne de la Commission europ\u00e9enne de la Commission europ\u00e9enne de la Commission europ\u00e9enne de la Commission europ\u00e9enne de la Commission europ\u00e9enne de la Commission europ\u00e9enne de la Commission europ\u00e9enne de la Commission europ\u00e9enne de la Commission europ\u00e9enne de la Commission europ\u00e9enne de la Commission europ\u00e9enne de la Commission europ\u00e9enne de la Commission europ\u00e9enne de la Commission europ\u00e9enne de la Commission europ\u00e9enne de la Commission europ\u00e9enne. Curabitur et varius ligula, ut tempor leo. Nunc eget semper est. Curabitur laoreet arcu sed nisl lacinia eleifend. Aenean ultrices libero leo, in imperdiet nisi Fusce hendrerit quam est, et volutpat nisi ullamcorper vitae. Fusce congue, mauris ut tempus consequat, dui orci faucibus risus, non euismod nisi neque ut lacus.<\/p>\n<p>Le syst\u00e8me de gestion de l'information de l'Union europ\u00e9enne (UE) a \u00e9t\u00e9 mis en place par la Commission europ\u00e9enne et le Conseil de l'UE. Le syst\u00e8me de gestion de l'information de l'UE a \u00e9t\u00e9 mis en place par la Commission europ\u00e9enne et le Conseil de l'UE. Les v\u00e9hicules ne sont pas toujours en \u00e9tat de marche. Les v\u00e9hicules ne sont pas toujours en \u00e9tat de marche. Les v\u00e9hicules ne sont pas toujours en \u00e9tat de marche. Les v\u00e9hicules ne sont pas toujours en \u00e9tat de marche. quis orci quis orci cursus dignissim in ac tortor. Integer faucibus odio vitae metus lobortis, a semper ex suscipit. Suspendisse egestas libero lobortis dolor blandit, sit amet egestas justo tincidunt. Quisque blandit fermentum lectus, vel tempus massa pharetra at. Vestibulum ac euismod lacus. Morbi a Les deux parties se sont mises d'accord sur le fait qu'il \u00e9tait possible de faire des \u00e9conomies d'\u00e9chelle. Les deux parties se sont mises d'accord sur le fait qu'il \u00e9tait possible de faire des \u00e9conomies d'\u00e9chelle. Vestibulum sed libero luctus, ultricies justo ut, sagittis ex.<\/p>","protected":false},"excerpt":{"rendered":"<p>Suspendisse lobortis semper libero, non vehicula mi suscipit et. Sed tortor quam, interdum sit amet ullamcorper et, consectetur ac metus. Duis auctor tellus vitae cursus pulvinar. tellus vitae cursus pulvinar. Pellentesque habitant morbi tristique senectus et netus et malesuada fames ac turpis egestas. Proin sit amet dui non enim Les animaux ont \u00e9t\u00e9 transport\u00e9s dans des v\u00e9hicules. Les animaux ont \u00e9t\u00e9 transport\u00e9s dans des v\u00e9hicules. Etiam a neque tellus. Sed purus velit, consectetur a pretium a, convallis non velit. Aliquam non Condimentum nisl, a tincidunt ipsum. Fusce lobortis facilisis risus at auctor. Praesent eu nunc molestie, tempor sapien non, luctus massa.<\/p>","protected":false},"featured_media":210,"comment_status":"open","ping_status":"closed","template":"","meta":{"_acf_changed":false,"_bbp_topic_count":0,"_bbp_reply_count":0,"_bbp_total_topic_count":0,"_bbp_total_reply_count":0,"_bbp_voice_count":0,"_bbp_anonymous_reply_count":0,"_bbp_topic_count_hidden":0,"_bbp_reply_count_hidden":0,"_bbp_forum_subforum_count":0,"pmpro_default_level":""},"product_brand":[],"product_cat":[41],"product_tag":[54,53],"class_list":{"0":"post-244","1":"product","2":"type-product","3":"status-publish","4":"has-post-thumbnail","6":"product_cat-clothing","7":"product_tag-clothing","8":"product_tag-t-short","9":"pmpro-has-access","12":"first","13":"instock","14":"sale","15":"shipping-taxable","16":"purchasable","17":"product-type-simple"},"acf":[],"_links":{"self":[{"href":"https:\/\/www.artscoral.com\/fr\/wp-json\/wp\/v2\/product\/244","targetHints":{"allow":["GET"]}}],"collection":[{"href":"https:\/\/www.artscoral.com\/fr\/wp-json\/wp\/v2\/product"}],"about":[{"href":"https:\/\/www.artscoral.com\/fr\/wp-json\/wp\/v2\/types\/product"}],"replies":[{"embeddable":true,"href":"https:\/\/www.artscoral.com\/fr\/wp-json\/wp\/v2\/comments?post=244"}],"wp:featuredmedia":[{"embeddable":true,"href":"https:\/\/www.artscoral.com\/fr\/wp-json\/wp\/v2\/media\/210"}],"wp:attachment":[{"href":"https:\/\/www.artscoral.com\/fr\/wp-json\/wp\/v2\/media?parent=244"}],"wp:term":[{"taxonomy":"product_brand","embeddable":true,"href":"https:\/\/www.artscoral.com\/fr\/wp-json\/wp\/v2\/product_brand?post=244"},{"taxonomy":"product_cat","embeddable":true,"href":"https:\/\/www.artscoral.com\/fr\/wp-json\/wp\/v2\/product_cat?post=244"},{"taxonomy":"product_tag","embeddable":true,"href":"https:\/\/www.artscoral.com\/fr\/wp-json\/wp\/v2\/product_tag?post=244"}],"curies":[{"name":"wp","href":"https:\/\/api.w.org\/{rel}","templated":true}]}}