{"id":242,"date":"2018-08-10T09:10:35","date_gmt":"2018-08-10T09:10:35","guid":{"rendered":"https:\/\/artscoral.com\/?post_type=product&#038;p=242"},"modified":"2018-08-10T09:12:33","modified_gmt":"2018-08-10T09:12:33","slug":"white-bag","status":"publish","type":"product","link":"https:\/\/www.artscoral.com\/fr\/produit\/white-bag\/","title":{"rendered":"Sac blanc"},"content":{"rendered":"<p>Lorem ipsum dolor sit amet, consectetur adipiscing elit. Integer finibus eros non metus fermentum, nec consectetur urne commodo. Duis et velit, consequat sapien eu, pulvinar lacus. vulputate, consequat sapien eu, pulvinar lacus. Duis urna erat, dignissim vitae enim sit amet, vehicula fermentum lacus. Vivamus tristique libero nunc , in suscipit quam Le gouvernement a d\u00e9cid\u00e9 de mettre en place un syst\u00e8me de gestion de l'information et de la communication (SIG). Le syst\u00e8me de gestion de l'information et de la communication (SIG) a \u00e9t\u00e9 mis en place par le minist\u00e8re de l'\u00e9ducation et de la formation professionnelle (MEFP). Les enfants de la rue, les enfants de la rue, les enfants de la rue, les enfants de la rue, les enfants de la rue, les enfants de la rue, les enfants de la rue, les enfants de la rue, les enfants de la rue, les enfants de la rue, les enfants de la rue, les enfants de la rue, les enfants de la rue, les enfants de la rue et les enfants de la rue. Les autorit\u00e9s de l'Union europ\u00e9enne ont pris des mesures en vue d'am\u00e9liorer la qualit\u00e9 de l'eau et de l'air dans les pays en d\u00e9veloppement. Les autorit\u00e9s de l'Union europ\u00e9enne ont pris des mesures en vue d'am\u00e9liorer la qualit\u00e9 de l'eau et de l'air dans les pays en d\u00e9veloppement, et elles ont pris des mesures en vue d'am\u00e9liorer la qualit\u00e9 de l'eau et de l'air dans les pays en d\u00e9veloppement. Les r\u00e9sultats de l'enqu\u00eate ont \u00e9t\u00e9 publi\u00e9s dans la presse et dans la presse \u00e9crite. Les r\u00e9sultats de l'enqu\u00eate ont \u00e9t\u00e9 publi\u00e9s dans la presse \u00e9crite et dans la presse \u00e9crite.<\/p>\n<p>Phasellus ornare purus sed lorem malesuada malesuada. sed egestas aliquam dictum.<\/p>\n<p>Le travail de l'\u00e9quipe de l'UE est un travail de longue haleine. Le travail de l'\u00e9quipe de l'UE est un travail de longue haleine. Le travail de l'\u00e9quipe de l'UE est un travail de longue haleine. Le travail de l'\u00e9quipe de l'UE est un travail de longue haleine. Les autorit\u00e9s de l'Union europ\u00e9enne ont pris l'initiative de mettre en place un syst\u00e8me de gestion de l'information. Les autorit\u00e9s de l'Union europ\u00e9enne ont pris l'initiative de mettre en place un syst\u00e8me de gestion de l'information et d'en assurer le suivi. Pellentesque porttitor imperdiet nunc at vulputate. Fusce non odio non augue sagittis tristique. Integer condimentum tincidunt ipsum, ac Les enfants ne sont pas les bienvenus dans la salle de r\u00e9union. Les enfants ne sont pas les bienvenus dans la salle de r\u00e9union. Les enfants ne sont pas les bienvenus dans la salle de r\u00e9union. Nam scelerisque ipsum purus, nec tristique dui luctus rutrum. Quisque feugiat vitae turpis non viverra.<\/p>\n<p>&nbsp;<\/p>","protected":false},"excerpt":{"rendered":"<p>Lorem ipsum dolor sit amet, consectetur adipiscing elit. Integer finibus eros non metus fermentum, nec consectetur urna commodo. Duis et velit vulputate, consequat sapien eu, pulvinar lacus.<\/p>\n<p>Duis urna erat, dignissim vitae enim sit amet, vehicula fermentum lacus. Vivamus tristique libero nunc, in suscipit quam eleifend sed.<\/p>","protected":false},"featured_media":226,"comment_status":"open","ping_status":"closed","template":"","meta":{"_acf_changed":false,"_bbp_topic_count":0,"_bbp_reply_count":0,"_bbp_total_topic_count":0,"_bbp_total_reply_count":0,"_bbp_voice_count":0,"_bbp_anonymous_reply_count":0,"_bbp_topic_count_hidden":0,"_bbp_reply_count_hidden":0,"_bbp_forum_subforum_count":0,"pmpro_default_level":""},"product_brand":[],"product_cat":[44],"product_tag":[45,47],"class_list":{"0":"post-242","1":"product","2":"type-product","3":"status-publish","4":"has-post-thumbnail","6":"product_cat-accessories","7":"product_tag-accessoires","8":"product_tag-bag","9":"pmpro-has-access","12":"first","13":"instock","14":"sale","15":"shipping-taxable","16":"purchasable","17":"product-type-simple"},"acf":[],"_links":{"self":[{"href":"https:\/\/www.artscoral.com\/fr\/wp-json\/wp\/v2\/product\/242","targetHints":{"allow":["GET"]}}],"collection":[{"href":"https:\/\/www.artscoral.com\/fr\/wp-json\/wp\/v2\/product"}],"about":[{"href":"https:\/\/www.artscoral.com\/fr\/wp-json\/wp\/v2\/types\/product"}],"replies":[{"embeddable":true,"href":"https:\/\/www.artscoral.com\/fr\/wp-json\/wp\/v2\/comments?post=242"}],"wp:featuredmedia":[{"embeddable":true,"href":"https:\/\/www.artscoral.com\/fr\/wp-json\/wp\/v2\/media\/226"}],"wp:attachment":[{"href":"https:\/\/www.artscoral.com\/fr\/wp-json\/wp\/v2\/media?parent=242"}],"wp:term":[{"taxonomy":"product_brand","embeddable":true,"href":"https:\/\/www.artscoral.com\/fr\/wp-json\/wp\/v2\/product_brand?post=242"},{"taxonomy":"product_cat","embeddable":true,"href":"https:\/\/www.artscoral.com\/fr\/wp-json\/wp\/v2\/product_cat?post=242"},{"taxonomy":"product_tag","embeddable":true,"href":"https:\/\/www.artscoral.com\/fr\/wp-json\/wp\/v2\/product_tag?post=242"}],"curies":[{"name":"wp","href":"https:\/\/api.w.org\/{rel}","templated":true}]}}