{"id":235,"date":"2018-08-10T08:46:48","date_gmt":"2018-08-10T08:46:48","guid":{"rendered":"https:\/\/artscoral.com\/?post_type=product&#038;p=235"},"modified":"2026-04-29T12:27:57","modified_gmt":"2026-04-29T04:27:57","slug":"olympus-enamel-mug","status":"publish","type":"product","link":"https:\/\/www.artscoral.com\/fr\/produit\/olympus-enamel-mug\/","title":{"rendered":"Tasse en \u00e9mail Olympe"},"content":{"rendered":"<p>Aliquam vitae ipsum vitae urna vulputate placerat. Cras maximus mollis elementum. Vivamus orci orci, semper et risus et, mollis condimentum odio. Aliquam sed mollis felis.<\/p>\n<ul>\n<li>Nullam hendrerit ipsum quis consectetur facilisis.<\/li>\n<li>Proin suscipit nisl ac lacus lacinia posuere.<\/li>\n<li>Aliquam scelerisque dictum sodales.<\/li>\n<li>Donec efficitur pellentesque eros, vel lobortis ante tempus non. Integer efficitur, massa ac porttitor tincidunt, arcu dolor tristique leo, ut venenatis tellus urna eget ante.<\/li>\n<\/ul>\n<p>La Commission europ\u00e9enne a adopt\u00e9 un projet de loi sur la protection des droits de l'homme et des libert\u00e9s fondamentales. Elle a \u00e9galement adopt\u00e9 un projet de loi sur la protection des droits de l'homme et des libert\u00e9s fondamentales, qui a \u00e9t\u00e9 adopt\u00e9 par le Parlement europ\u00e9en. Le texte de l'article est disponible sur le site internet de la Commission europ\u00e9enne. Le texte de l'article est disponible sur le site internet de la Commission europ\u00e9enne de la Commission europ\u00e9enne de la Commission europ\u00e9enne de la Commission europ\u00e9enne de la Commission europ\u00e9enne de la Commission europ\u00e9enne de la Commission europ\u00e9enne de la Commission europ\u00e9enne de la Commission europ\u00e9enne de la Commission europ\u00e9enne de la Commission europ\u00e9enne de la Commission europ\u00e9enne de la Commission europ\u00e9enne de la Commission europ\u00e9enne de la Commission europ\u00e9enne de la Commission europ\u00e9enne de la Commission europ\u00e9enne. Curabitur et varius ligula, ut tempor leo. Nunc eget semper est. Curabitur laoreet arcu sed nisl lacinia eleifend. Aenean ultrices libero leo, in imperdiet nisi Fusce hendrerit quam est, et volutpat nisi ullamcorper vitae. Fusce congue, mauris ut tempus consequat, dui orci faucibus risus, non euismod nisi neque ut lacus.<\/p>","protected":false},"excerpt":{"rendered":"<p>Lorem ipsum dolor sit amet, consectetur adipiscing elit. Nullam non congue lorem, at bibendum quam. In maximus dictum elit, rutrum iaculis massa Sed mollis sem arcu, at posuere dolor ullamcorper at. Nullam vestibulum nisi eget aliquet volutpat. Maecenas quam tortor, mollis at vehicula at, posuere ac tortor. Ut tincidunt ex vitae sem finibus suscipit ac quis diam. Phasellus et tortor ipsum.<\/p>","protected":false},"featured_media":211,"comment_status":"open","ping_status":"closed","template":"","meta":{"_acf_changed":false,"_bbp_topic_count":0,"_bbp_reply_count":0,"_bbp_total_topic_count":0,"_bbp_total_reply_count":0,"_bbp_voice_count":0,"_bbp_anonymous_reply_count":0,"_bbp_topic_count_hidden":0,"_bbp_reply_count_hidden":0,"_bbp_forum_subforum_count":0,"pmpro_default_level":""},"product_brand":[],"product_cat":[44,40],"product_tag":[51,52],"class_list":{"0":"post-235","1":"product","2":"type-product","3":"status-publish","4":"has-post-thumbnail","6":"product_cat-accessories","7":"product_cat-coffee-mugs","8":"product_tag-coffee-mug","9":"product_tag-cup","10":"pmpro-has-access","13":"first","14":"instock","15":"shipping-taxable","16":"purchasable","17":"product-type-simple"},"acf":[],"_links":{"self":[{"href":"https:\/\/www.artscoral.com\/fr\/wp-json\/wp\/v2\/product\/235","targetHints":{"allow":["GET"]}}],"collection":[{"href":"https:\/\/www.artscoral.com\/fr\/wp-json\/wp\/v2\/product"}],"about":[{"href":"https:\/\/www.artscoral.com\/fr\/wp-json\/wp\/v2\/types\/product"}],"replies":[{"embeddable":true,"href":"https:\/\/www.artscoral.com\/fr\/wp-json\/wp\/v2\/comments?post=235"}],"wp:featuredmedia":[{"embeddable":true,"href":"https:\/\/www.artscoral.com\/fr\/wp-json\/wp\/v2\/media\/211"}],"wp:attachment":[{"href":"https:\/\/www.artscoral.com\/fr\/wp-json\/wp\/v2\/media?parent=235"}],"wp:term":[{"taxonomy":"product_brand","embeddable":true,"href":"https:\/\/www.artscoral.com\/fr\/wp-json\/wp\/v2\/product_brand?post=235"},{"taxonomy":"product_cat","embeddable":true,"href":"https:\/\/www.artscoral.com\/fr\/wp-json\/wp\/v2\/product_cat?post=235"},{"taxonomy":"product_tag","embeddable":true,"href":"https:\/\/www.artscoral.com\/fr\/wp-json\/wp\/v2\/product_tag?post=235"}],"curies":[{"name":"wp","href":"https:\/\/api.w.org\/{rel}","templated":true}]}}