{"id":220,"date":"2018-08-08T09:16:43","date_gmt":"2018-08-08T09:16:43","guid":{"rendered":"https:\/\/artscoral.com\/?post_type=product&#038;p=220"},"modified":"2025-09-18T11:47:33","modified_gmt":"2025-09-18T03:47:33","slug":"olympus-orange-shirt","status":"publish","type":"product","link":"https:\/\/www.artscoral.com\/fr\/produit\/olympus-orange-shirt\/","title":{"rendered":"Chemise Olympe orange"},"content":{"rendered":"<p>Lorem ipsum dolor sit amet, consectetur adipiscing elit. Nulla consequat, erat id gravida commodo, lacus lorem cursus erat, eget commodo nisl mi non elit Phasellus elit nunc, mattis mattis facilisis a, maximus aliquam risus. Suspendisse cursus pellentesque vestibulum.<\/p>\n<ul>\n<li>Donec at est eros. Duis in vulputate purus.<\/li>\n<li>Etiam euismod elit enim, at sodales est tempor vel.<\/li>\n<li>Proin nibh urna, egestas eu odio vitae, auctor pellentesque massa.<\/li>\n<\/ul>\n<p>Nam maximus vehicula purus at facilisis.<\/p>\n<p>Mauris vitae dolor vitae sem placerat consequat in a tellus. Maecenas ut lectus in elit efficitur aliquet. Vestibulum posuere lacinia vulputate. Duis in Phasellus bibendum eget ipsum non mollis. Nam leo elit, vestibulum vitae cursus ac, pulvinar eget quam. In ut hendrerit neque.<\/p>","protected":false},"excerpt":{"rendered":"<p>Le projet de loi a \u00e9t\u00e9 adopt\u00e9 \u00e0 l'unanimit\u00e9 par l'Assembl\u00e9e nationale. Le projet de loi a \u00e9t\u00e9 adopt\u00e9 \u00e0 l'unanimit\u00e9 par l'Assembl\u00e9e nationale. Le projet de loi a \u00e9t\u00e9 adopt\u00e9 par l'Assembl\u00e9e nationale \u00e0 l'unanimit\u00e9 par l'Assembl\u00e9e nationale. convallis est id nisl suscipit dignissim. Pellentesque egestas laoreet auctor. Nullam pharetra tincidunt velit sed viverra.<\/p>","protected":false},"featured_media":204,"comment_status":"open","ping_status":"closed","template":"","meta":{"_acf_changed":false,"_bbp_topic_count":0,"_bbp_reply_count":0,"_bbp_total_topic_count":0,"_bbp_total_reply_count":0,"_bbp_voice_count":0,"_bbp_anonymous_reply_count":0,"_bbp_topic_count_hidden":0,"_bbp_reply_count_hidden":0,"_bbp_forum_subforum_count":0,"pmpro_default_level":""},"product_brand":[],"product_cat":[41],"product_tag":[],"class_list":{"0":"post-220","1":"product","2":"type-product","3":"status-publish","4":"has-post-thumbnail","6":"product_cat-clothing","7":"pmpro-has-access","10":"first","11":"instock","12":"shipping-taxable","13":"purchasable","14":"product-type-variable"},"acf":[],"_links":{"self":[{"href":"https:\/\/www.artscoral.com\/fr\/wp-json\/wp\/v2\/product\/220","targetHints":{"allow":["GET"]}}],"collection":[{"href":"https:\/\/www.artscoral.com\/fr\/wp-json\/wp\/v2\/product"}],"about":[{"href":"https:\/\/www.artscoral.com\/fr\/wp-json\/wp\/v2\/types\/product"}],"replies":[{"embeddable":true,"href":"https:\/\/www.artscoral.com\/fr\/wp-json\/wp\/v2\/comments?post=220"}],"wp:featuredmedia":[{"embeddable":true,"href":"https:\/\/www.artscoral.com\/fr\/wp-json\/wp\/v2\/media\/204"}],"wp:attachment":[{"href":"https:\/\/www.artscoral.com\/fr\/wp-json\/wp\/v2\/media?parent=220"}],"wp:term":[{"taxonomy":"product_brand","embeddable":true,"href":"https:\/\/www.artscoral.com\/fr\/wp-json\/wp\/v2\/product_brand?post=220"},{"taxonomy":"product_cat","embeddable":true,"href":"https:\/\/www.artscoral.com\/fr\/wp-json\/wp\/v2\/product_cat?post=220"},{"taxonomy":"product_tag","embeddable":true,"href":"https:\/\/www.artscoral.com\/fr\/wp-json\/wp\/v2\/product_tag?post=220"}],"curies":[{"name":"wp","href":"https:\/\/api.w.org\/{rel}","templated":true}]}}