{"id":4314,"date":"2025-06-06T19:50:23","date_gmt":"2025-06-06T11:50:23","guid":{"rendered":"https:\/\/artscoral.com\/?page_id=4314"},"modified":"2025-12-18T11:26:40","modified_gmt":"2025-12-18T03:26:40","slug":"jpa-upload-singapore","status":"publish","type":"page","link":"https:\/\/www.artscoral.com\/fr\/jpa-upload-singapore\/","title":{"rendered":"JPA &#8211; Artwork Upload &#8211; Singapore &#8211; SG01"},"content":{"rendered":"<p><img decoding=\"async\" class=\"alignnone wp-image-2868\" src=\"https:\/\/www.artscoral.com\/wp-content\/uploads\/2025\/05\/20250514195115907-300x230.png\" alt=\"\" width=\"143\" height=\"110\" srcset=\"https:\/\/cdn.artscoral.com\/uploads\/2025\/05\/20250514195115907-300x230.png 300w, https:\/\/cdn.artscoral.com\/uploads\/2025\/05\/20250514195115907-16x12.png 16w, https:\/\/cdn.artscoral.com\/uploads\/2025\/05\/20250514195115907-50x38.png 50w, https:\/\/cdn.artscoral.com\/uploads\/2025\/05\/20250514195115907-100x77.png 100w, https:\/\/cdn.artscoral.com\/uploads\/2025\/05\/20250514195115907.png 328w\" sizes=\"(max-width: 143px) 100vw, 143px\" \/><\/p>\n<blockquote><p><span style=\"font-size: 14pt;\">Veuillez confirmer que vous avez effectu\u00e9 le paiement et que vous avez obtenu l'autorisation. <strong>Code d'entr\u00e9e<\/strong> de l'e-mail pr\u00e9c\u00e9dent pour t\u00e9l\u00e9charger votre \u0153uvre ci-dessous. <\/span><\/p>\n<p><span style=\"font-size: 14pt;\">La date limite d'envoi est fix\u00e9e \u00e0 <strong>January 11, 2026<\/strong>.<\/span><\/p>\n<p><span style=\"font-size: 14pt;\">Le format de t\u00e9l\u00e9chargement des noms de fichiers est le suivant : Votre <strong>Code d'entr\u00e9e + Titre de l'\u0153uvre.<\/strong> <\/span><br \/>\n<span style=\"font-size: 14pt;\">Par exemple. <strong>2025-06-JPA-XX-XXXX-ACX-XXXXXX-Titre de votre \u0153uvre.jpg<\/strong><\/span><\/p><\/blockquote>\n<hr \/>\n<div id='ff_form_15' class='ff_form_not_render'><div style=\"height:200px;\"><\/div>\n<span style=\"font-size:18px;\">\n  Veuillez vous connecter pour t\u00e9l\u00e9charger votre travail. \n  <br>\n  <a href=\"https:\/\/www.artscoral.com\/login\/\" target=\"_self\" \n     style=\"font-weight:bold;            font-size:16px;            display: inline-block;            padding: 8px 16px;            background-color: orange;            color: white;            text-decoration: none;            border-radius: 4px;\">\n    Cliquez ici pour vous connecter\n  <\/a>\n<\/span><\/div>","protected":false},"excerpt":{"rendered":"<p>Please confirm that you have made the payment and obtai<a class=\"btn btn-primary more-link\" href=\"https:\/\/www.artscoral.com\/fr\/jpa-upload-singapore\/\">Poursuivre la lecture<\/a><\/p>","protected":false},"author":1,"featured_media":4291,"parent":0,"menu_order":0,"comment_status":"closed","ping_status":"closed","template":"","meta":{"_acf_changed":false,"_bbp_topic_count":0,"_bbp_reply_count":0,"_bbp_total_topic_count":0,"_bbp_total_reply_count":0,"_bbp_voice_count":0,"_bbp_anonymous_reply_count":0,"_bbp_topic_count_hidden":0,"_bbp_reply_count_hidden":0,"_bbp_forum_subforum_count":0,"pmpro_default_level":"","footnotes":""},"class_list":["post-4314","page","type-page","status-publish","has-post-thumbnail","hentry","pmpro-has-access"],"acf":[],"_links":{"self":[{"href":"https:\/\/www.artscoral.com\/fr\/wp-json\/wp\/v2\/pages\/4314","targetHints":{"allow":["GET"]}}],"collection":[{"href":"https:\/\/www.artscoral.com\/fr\/wp-json\/wp\/v2\/pages"}],"about":[{"href":"https:\/\/www.artscoral.com\/fr\/wp-json\/wp\/v2\/types\/page"}],"author":[{"embeddable":true,"href":"https:\/\/www.artscoral.com\/fr\/wp-json\/wp\/v2\/users\/1"}],"replies":[{"embeddable":true,"href":"https:\/\/www.artscoral.com\/fr\/wp-json\/wp\/v2\/comments?post=4314"}],"version-history":[{"count":0,"href":"https:\/\/www.artscoral.com\/fr\/wp-json\/wp\/v2\/pages\/4314\/revisions"}],"wp:featuredmedia":[{"embeddable":true,"href":"https:\/\/www.artscoral.com\/fr\/wp-json\/wp\/v2\/media\/4291"}],"wp:attachment":[{"href":"https:\/\/www.artscoral.com\/fr\/wp-json\/wp\/v2\/media?parent=4314"}],"curies":[{"name":"wp","href":"https:\/\/api.w.org\/{rel}","templated":true}]}}