{"id":1210,"date":"2020-05-04T09:59:07","date_gmt":"2020-05-04T09:59:07","guid":{"rendered":"https:\/\/artscoral.com\/?page_id=1210"},"modified":"2025-05-20T13:06:13","modified_gmt":"2025-05-20T05:06:13","slug":"contacts","status":"publish","type":"page","link":"https:\/\/www.artscoral.com\/fr\/contacts\/","title":{"rendered":"Contacts"},"content":{"rendered":"<div data-elementor-type=\"wp-page\" data-elementor-id=\"1210\" class=\"elementor elementor-1210\" data-elementor-post-type=\"page\">\n\t\t\t\t\t\t<section class=\"elementor-section elementor-top-section elementor-element elementor-element-e1055f1 section-half-bg elementor-section-boxed elementor-section-height-default elementor-section-height-default\" data-id=\"e1055f1\" data-element_type=\"section\" data-settings=\"{&quot;background_background&quot;:&quot;classic&quot;}\">\n\t\t\t\t\t\t<div class=\"elementor-container elementor-column-gap-default\">\n\t\t\t\t\t<div class=\"elementor-column elementor-col-33 elementor-top-column elementor-element elementor-element-d22e3cc elementor-hidden-tablet elementor-hidden-phone\" data-id=\"d22e3cc\" data-element_type=\"column\" data-settings=\"{&quot;background_background&quot;:&quot;classic&quot;}\">\n\t\t\t<div class=\"elementor-widget-wrap\">\n\t\t\t\t\t\t\t<\/div>\n\t\t<\/div>\n\t\t\t\t<div class=\"elementor-column elementor-col-33 elementor-top-column elementor-element elementor-element-4059cfb\" data-id=\"4059cfb\" data-element_type=\"column\">\n\t\t\t<div class=\"elementor-widget-wrap elementor-element-populated\">\n\t\t\t\t\t\t<section class=\"elementor-section elementor-inner-section elementor-element elementor-element-b39e378 contact-form-wrap elementor-section-boxed elementor-section-height-default elementor-section-height-default\" data-id=\"b39e378\" data-element_type=\"section\" data-settings=\"{&quot;background_background&quot;:&quot;classic&quot;}\">\n\t\t\t\t\t\t<div class=\"elementor-container elementor-column-gap-default\">\n\t\t\t\t\t<div class=\"elementor-column elementor-col-50 elementor-inner-column elementor-element elementor-element-60e2342\" data-id=\"60e2342\" data-element_type=\"column\" data-settings=\"{&quot;background_background&quot;:&quot;classic&quot;}\">\n\t\t\t<div class=\"elementor-widget-wrap elementor-element-populated\">\n\t\t\t\t\t\t<div class=\"elementor-element elementor-element-1de5c31 elementor-widget elementor-widget-text-editor\" data-id=\"1de5c31\" data-element_type=\"widget\" data-widget_type=\"text-editor.default\">\n\t\t\t\t<div class=\"elementor-widget-container\">\n\t\t\t\t\t\t\t\t\t<h2 class=\"title\"><span style=\"color: #ffffff;\">ENVOYEZ-NOUS<br \/><span style=\"font-size: 50px;\">UN RAVEN <\/span><\/span><\/h2><p><span style=\"color: #ffffff;\">Avez-vous des questions g\u00e9n\u00e9rales sur la Communaut\u00e9 sociale Artscoral ?<\/span><\/p><p><span style=\"color: #ffffff;\">Envoyez-nous un corbeau et nous vous r\u00e9pondrons aussi vite que possible !<\/span><\/p>\t\t\t\t\t\t\t\t<\/div>\n\t\t\t\t<\/div>\n\t\t\t\t\t<\/div>\n\t\t<\/div>\n\t\t\t\t<div class=\"elementor-column elementor-col-50 elementor-inner-column elementor-element elementor-element-c4b098b\" data-id=\"c4b098b\" data-element_type=\"column\">\n\t\t\t<div class=\"elementor-widget-wrap elementor-element-populated\">\n\t\t\t\t\t\t<div class=\"elementor-element elementor-element-2e04d62 elementor-widget elementor-widget-olympus_fw_form\" data-id=\"2e04d62\" data-element_type=\"widget\" data-widget_type=\"olympus_fw_form.default\">\n\t\t\t\t<div class=\"elementor-widget-container\">\n\t\t\t\t\t\t\t\t<div class=\"crumina-module standart-form-flex\" data-redirect-page=\"https:\/\/www.artscoral.com\/blog-classic\/\" data-redirect-target=\"_blank\">\r\n\r\n\t\t\t\t<form data-fw-form-id=\"fw_form\" method=\"post\" action=\"https:\/\/www.artscoral.com\/fr\/wp-json\/wp\/v2\/pages\/1210\" class=\"fw_form_fw_form\" data-fw-ext-forms-type=\"contact-forms\" data-trp-original-action=\"https:\/\/www.artscoral.com\/fr\/wp-json\/wp\/v2\/pages\/1210\"  ><input type=\"hidden\" name=\"fwf\" value=\"fw_form\" \/><input type=\"hidden\" id=\"_nonce_7504f179652a70b6571f91baf73665d1\" name=\"_nonce_7504f179652a70b6571f91baf73665d1\" value=\"90b445e5a7\" \/><input type=\"hidden\" name=\"_wp_http_referer\" value=\"\/fr\/wp-json\/wp\/v2\/pages\/1210\" \/><input type=\"hidden\" name=\"fw_ext_forms_form_type\" value=\"contact-forms\" \/><input type=\"hidden\" name=\"fw_ext_forms_form_id\" value=\"375\" \/><div class=\"wrap-forms\">\n\t<div class=\"row\"><\/div><div class=\"row\"><div class=\"col-xs-12 col-sm-12 col-md-6 col-lg-6 form-builder-item\">\n\t<div class=\"field-text\">\n\t\t\t\t<label for=\"id-1\">Nom de famille\t\t\t<sup>*<\/sup>\t\t<\/label>\n\t\t\t\t<input type=\"text\" name=\"text_a0457a1\" placeholder=\"\" value=\"\" id=\"id-1\" required=\"required\" >\n\t\t\t<\/div>\n<\/div><div class=\"col-xs-12 col-sm-12 col-md-6 col-lg-6 form-builder-item\">\n\t<div class=\"field-text\">\n\t\t\t\t<label for=\"id-2\">Pr\u00e9nom\t\t\t<sup>*<\/sup>\t\t<\/label>\n\t\t\t\t<input type=\"text\" name=\"text_910887c\" placeholder=\"\" value=\"\" id=\"id-2\" required=\"required\" >\n\t\t\t<\/div>\n<\/div><\/div><div class=\"row\"><div class=\"col-lg-12 form-builder-item\">\n\t<div class=\"field-text\">\n\t\t\t\t<label for=\"id-3\">bo\u00eete de r\u00e9ception\t\t\t<sup>*<\/sup>\t\t<\/label>\n\t\t\t\t<input type=\"text\" name=\"email_40b673a\" placeholder=\"\" value=\"\" id=\"id-3\" required=\"required\" >\n\t\t\t<\/div>\n<\/div><\/div><div class=\"row\">\t<div class=\"col-lg-12 form-builder-item\">\n\t\t<div class=\"field-select select-styled\">\n\t\t\t\t\t\t<label for=\"id-4\">Objet de l'enqu\u00eate\t\t\t\t<sup>*<\/sup>\t\t\t<\/label>\n\t\t\t\t\t\t<select name=\"select_0f3a4b3\" id=\"id-4\"  >\n\t\t\t\t\t\t\t\t\t<option value=\"\u5173\u4e8e\u8d26\u53f7\u95ee\u9898\"  >A propos du num\u00e9ro de compte<\/option>\n\t\t\t\t\t\t\t\t\t<option value=\"\u5408\u4f5c\u54a8\u8be2\"  >Demande de coop\u00e9ration<\/option>\n\t\t\t\t\t\t\t\t\t<option value=\"\u5176\u4ed6\"  >le reste<\/option>\n\t\t\t\t\t\t\t<\/select>\n\t\t\t\t\t<\/div>\n\t<\/div>\n<\/div><div class=\"row\"><div class=\"col-lg-12 form-builder-item\">\n\t<div class=\"field-textarea\">\n\t\t\t\t<label for=\"id-5\">laisser un message\t\t\t<sup>*<\/sup>\t\t<\/label>\n\t\t\t\t<textarea name=\"textarea_07c493d\" placeholder=\"\" id=\"id-5\" required=\"required\" ><\/textarea>\n\t\t\t<\/div>\n<\/div><\/div><div class=\"row\"><\/div><\/div><div class=\"col-xs-12 submit-wrap\"><button type=\"submit\" class=\"btn btn-md btn-secondary\"><span class=\"text\">Envoyer<\/span><\/button><\/div><input type=\"hidden\" name=\"trp-form-language\" value=\"fr\"\/><\/form><div class=\"screen-reader-text form-message-field\" >Message envoy\u00e9 !<\/div>\t\t\t<\/div>\r\n\t\t\t\t\t\t<\/div>\n\t\t\t\t<\/div>\n\t\t\t\t\t<\/div>\n\t\t<\/div>\n\t\t\t\t\t<\/div>\n\t\t<\/section>\n\t\t\t\t\t<\/div>\n\t\t<\/div>\n\t\t\t\t<div class=\"elementor-column elementor-col-33 elementor-top-column elementor-element elementor-element-912f6ad elementor-hidden-tablet elementor-hidden-phone\" data-id=\"912f6ad\" data-element_type=\"column\">\n\t\t\t<div class=\"elementor-widget-wrap\">\n\t\t\t\t\t\t\t<\/div>\n\t\t<\/div>\n\t\t\t\t\t<\/div>\n\t\t<\/section>\n\t\t\t\t<section class=\"elementor-section elementor-top-section elementor-element elementor-element-2853f8f elementor-section-content-middle elementor-section-boxed elementor-section-height-default elementor-section-height-default\" data-id=\"2853f8f\" data-element_type=\"section\" data-settings=\"{&quot;background_background&quot;:&quot;classic&quot;}\">\n\t\t\t\t\t\t<div class=\"elementor-container elementor-column-gap-no\">\n\t\t\t\t\t<div class=\"elementor-column elementor-col-33 elementor-top-column elementor-element elementor-element-3d0d5f7\" data-id=\"3d0d5f7\" data-element_type=\"column\">\n\t\t\t<div class=\"elementor-widget-wrap elementor-element-populated\">\n\t\t\t\t\t\t<div class=\"elementor-element elementor-element-a346901 elementor-widget elementor-widget-image\" data-id=\"a346901\" data-element_type=\"widget\" data-widget_type=\"image.default\">\n\t\t\t\t<div class=\"elementor-widget-container\">\n\t\t\t\t\t\t\t\t\t\t\t\t\t\t\t<img fetchpriority=\"high\" decoding=\"async\" width=\"297\" height=\"254\" src=\"https:\/\/www.artscoral.com\/wp-content\/uploads\/2018\/09\/guy.png\" class=\"attachment-large size-large wp-image-335\" alt=\"\" srcset=\"https:\/\/www.artscoral.com\/wp-content\/uploads\/2018\/09\/guy.png 297w, https:\/\/www.artscoral.com\/wp-content\/uploads\/2018\/09\/guy-14x12.png 14w\" sizes=\"(max-width: 297px) 100vw, 297px\" \/>\t\t\t\t\t\t\t\t\t\t\t\t\t\t\t<\/div>\n\t\t\t\t<\/div>\n\t\t\t\t\t<\/div>\n\t\t<\/div>\n\t\t\t\t<div class=\"elementor-column elementor-col-33 elementor-top-column elementor-element elementor-element-58805c9\" data-id=\"58805c9\" data-element_type=\"column\">\n\t\t\t<div class=\"elementor-widget-wrap elementor-element-populated\">\n\t\t\t\t\t\t<div class=\"elementor-element elementor-element-c130cc2 elementor-widget elementor-widget-image\" data-id=\"c130cc2\" data-element_type=\"widget\" data-widget_type=\"image.default\">\n\t\t\t\t<div class=\"elementor-widget-container\">\n\t\t\t\t\t\t\t\t\t\t\t\t\t\t\t<img decoding=\"async\" width=\"96\" height=\"95\" src=\"https:\/\/www.artscoral.com\/wp-content\/uploads\/2018\/09\/rocket1.png\" class=\"attachment-large size-large wp-image-334\" alt=\"\" srcset=\"https:\/\/www.artscoral.com\/wp-content\/uploads\/2018\/09\/rocket1.png 96w, https:\/\/www.artscoral.com\/wp-content\/uploads\/2018\/09\/rocket1-12x12.png 12w\" sizes=\"(max-width: 96px) 100vw, 96px\" \/>\t\t\t\t\t\t\t\t\t\t\t\t\t\t\t<\/div>\n\t\t\t\t<\/div>\n\t\t\t\t\t<\/div>\n\t\t<\/div>\n\t\t\t\t<div class=\"elementor-column elementor-col-33 elementor-top-column elementor-element elementor-element-f4efb72\" data-id=\"f4efb72\" data-element_type=\"column\">\n\t\t\t<div class=\"elementor-widget-wrap elementor-element-populated\">\n\t\t\t\t\t\t<div class=\"elementor-element elementor-element-ed06984 elementor-align-center elementor-widget elementor-widget-olympus_button\" data-id=\"ed06984\" data-element_type=\"widget\" data-widget_type=\"olympus_button.default\">\n\t\t\t\t<div class=\"elementor-widget-container\">\n\t\t\t\t\t\t\t<div class=\"crumina-module crum-button elementor-button-wrapper cta-btn-ed06984\"  >\r\n\t\t\t<a href=\"#!\" data-popup-target=\".js-login-form\" class=\"btn btn-md btn-primary     js-open-popup\">\r\n\t\t\t\t<span class=\"text\">Commencez \u00e0 vous faire des amis d\u00e8s maintenant<\/span>\t\t\t<\/a>\r\n            \r\n            \t\t<\/div>\r\n\t\t\t\t\t\t<\/div>\n\t\t\t\t<\/div>\n\t\t\t\t\t<\/div>\n\t\t<\/div>\n\t\t\t\t\t<\/div>\n\t\t<\/section>\n\t\t\t\t<\/div>","protected":false},"excerpt":{"rendered":"<p>SEND USA RAVEN Do you have general questions about Arts<a class=\"btn btn-primary more-link\" href=\"https:\/\/www.artscoral.com\/fr\/contacts\/\">Poursuivre la lecture<\/a><\/p>","protected":false},"author":1,"featured_media":0,"parent":0,"menu_order":0,"comment_status":"closed","ping_status":"closed","template":"","meta":{"_acf_changed":false,"_bbp_topic_count":0,"_bbp_reply_count":0,"_bbp_total_topic_count":0,"_bbp_total_reply_count":0,"_bbp_voice_count":0,"_bbp_anonymous_reply_count":0,"_bbp_topic_count_hidden":0,"_bbp_reply_count_hidden":0,"_bbp_forum_subforum_count":0,"pmpro_default_level":"","footnotes":""},"class_list":["post-1210","page","type-page","status-publish","hentry","pmpro-has-access"],"acf":[],"_links":{"self":[{"href":"https:\/\/www.artscoral.com\/fr\/wp-json\/wp\/v2\/pages\/1210","targetHints":{"allow":["GET"]}}],"collection":[{"href":"https:\/\/www.artscoral.com\/fr\/wp-json\/wp\/v2\/pages"}],"about":[{"href":"https:\/\/www.artscoral.com\/fr\/wp-json\/wp\/v2\/types\/page"}],"author":[{"embeddable":true,"href":"https:\/\/www.artscoral.com\/fr\/wp-json\/wp\/v2\/users\/1"}],"replies":[{"embeddable":true,"href":"https:\/\/www.artscoral.com\/fr\/wp-json\/wp\/v2\/comments?post=1210"}],"version-history":[{"count":0,"href":"https:\/\/www.artscoral.com\/fr\/wp-json\/wp\/v2\/pages\/1210\/revisions"}],"wp:attachment":[{"href":"https:\/\/www.artscoral.com\/fr\/wp-json\/wp\/v2\/media?parent=1210"}],"curies":[{"name":"wp","href":"https:\/\/api.w.org\/{rel}","templated":true}]}}